{"id":11,"date":"2023-11-21T11:10:30","date_gmt":"2023-11-21T10:10:30","guid":{"rendered":"https:\/\/dev.weizmann.at\/?page_id=11"},"modified":"2024-06-17T16:14:55","modified_gmt":"2024-06-17T14:14:55","slug":"startseite","status":"publish","type":"page","link":"https:\/\/weizmann.at\/en\/","title":{"rendered":"Home"},"content":{"rendered":"<div data-elementor-type=\"wp-page\" data-elementor-id=\"11\" class=\"elementor elementor-11\">\n\t\t\t\t<div class=\"elementor-element elementor-element-e691883 e-flex e-con-boxed e-con e-parent\" data-id=\"e691883\" data-element_type=\"container\" data-e-type=\"container\">\n\t\t\t\t\t<div class=\"e-con-inner\">\n\t\t<div class=\"elementor-element elementor-element-e4a90be e-con-full e-flex e-con e-child\" data-id=\"e4a90be\" data-element_type=\"container\" data-e-type=\"container\">\n\t\t\t\t<\/div>\n\t\t<div class=\"elementor-element elementor-element-d8e747e e-con-full e-flex e-con e-child\" data-id=\"d8e747e\" data-element_type=\"container\" data-e-type=\"container\">\n\t\t\t\t<div class=\"elementor-element elementor-element-2bda38d elementor-widget__width-initial elementor-widget elementor-widget-text-editor\" data-id=\"2bda38d\" data-element_type=\"widget\" data-e-type=\"widget\" data-widget_type=\"text-editor.default\">\n\t\t\t\t<div class=\"elementor-widget-container\">\n\t\t\t\t\t\t\t\t\t<p><strong>Dear Friends,<\/strong><\/p><p>It is with great pleasure and anticipation that I extend a heartfelt welcome to each of you on behalf of the Austrian Friends Society of the Weizmann Institute of Science. As the Chairman of this esteemed society, I am honored to be surrounded by a group of individuals who share a common passion for advancing science, fostering innovation, and supporting the transformative work of the Weizmann Institute of Science.<\/p><p>Our commitment to the Weizmann Institute of Science is not only a testament to our shared values but also a reflection of the impact that collaborative philanthropy can have on the realm of scientific discovery. Together, we form a vibrant network of individuals dedicated to promoting education, research, and the pursuit of knowledge.<\/p><p>I invite you to explore our website, discover the inspiring stories behind the Weizmann Institute's breakthroughs, and learn more about the exciting initiatives driven by our collective support. The Friends Society is more than an association; it's a community of like-minded individuals striving to make a real difference in the world of science and beyond.<\/p><p>Thank you for being a part of this journey, and I look forward to connecting with each of you as we continue to champion the remarkable achievements of the Weizmann Institute.<\/p><p>\u00a0<\/p><p><strong>Dr. Nikolaus Pitkowitz<\/strong><br \/>Chairman of the Austrian Friends Society of the Weizmann Institute of Science<\/p>\t\t\t\t\t\t\t\t<\/div>\n\t\t\t\t<\/div>\n\t\t\t\t<\/div>\n\t\t\t\t\t<\/div>\n\t\t\t\t<\/div>\n\t\t<div class=\"elementor-element elementor-element-db69af3 e-flex e-con-boxed e-con e-parent\" data-id=\"db69af3\" data-element_type=\"container\" data-e-type=\"container\">\n\t\t\t\t\t<div class=\"e-con-inner\">\n\t\t<div class=\"elementor-element elementor-element-f1309a8 e-con-full e-flex e-con e-child\" data-id=\"f1309a8\" data-element_type=\"container\" data-e-type=\"container\">\n\t\t\t\t<div class=\"elementor-element elementor-element-0a25868 elementor-widget elementor-widget-image\" data-id=\"0a25868\" data-element_type=\"widget\" data-e-type=\"widget\" data-widget_type=\"image.default\">\n\t\t\t\t<div class=\"elementor-widget-container\">\n\t\t\t\t\t\t\t\t\t\t\t\t\t\t\t<img decoding=\"async\" src=\"https:\/\/weizmann.at\/wp-content\/uploads\/elementor\/thumbs\/Pitkowitz-Partners-Nikolaus-Pitkowitz-XI-\u00a9-Lukas-Lorenz-scaled-qq6f4bar38aq976vh5ixbspzcwz4nkn2qpyel2wyxg.jpeg\" title=\"Pitkowitz &#038; Partners Nikolaus Pitkowitz XI \u00a9 Lukas Lorenz\" alt=\"Pitkowitz &amp; Partners Nikolaus Pitkowitz XI \u00a9 Lukas Lorenz\" loading=\"lazy\" \/>\t\t\t\t\t\t\t\t\t\t\t\t\t\t\t<\/div>\n\t\t\t\t<\/div>\n\t\t\t\t<\/div>\n\t\t<div class=\"elementor-element elementor-element-787048e e-con-full e-flex e-con e-child\" data-id=\"787048e\" data-element_type=\"container\" data-e-type=\"container\">\n\t\t\t\t<\/div>\n\t\t\t\t\t<\/div>\n\t\t\t\t<\/div>\n\t\t<div class=\"elementor-element elementor-element-de738ec e-flex e-con-boxed e-con e-parent\" data-id=\"de738ec\" data-element_type=\"container\" data-e-type=\"container\">\n\t\t\t\t\t<div class=\"e-con-inner\">\n\t\t\t\t<div class=\"elementor-element elementor-element-6a8e22c elementor-widget elementor-widget-spacer\" data-id=\"6a8e22c\" data-element_type=\"widget\" data-e-type=\"widget\" data-widget_type=\"spacer.default\">\n\t\t\t\t<div class=\"elementor-widget-container\">\n\t\t\t\t\t\t\t<div class=\"elementor-spacer\">\n\t\t\t<div class=\"elementor-spacer-inner\"><\/div>\n\t\t<\/div>\n\t\t\t\t\t\t<\/div>\n\t\t\t\t<\/div>\n\t\t\t\t<div class=\"elementor-element elementor-element-56223ac elementor-widget elementor-widget-heading\" data-id=\"56223ac\" data-element_type=\"widget\" data-e-type=\"widget\" data-widget_type=\"heading.default\">\n\t\t\t\t<div class=\"elementor-widget-container\">\n\t\t\t\t\t<h2 class=\"elementor-heading-title elementor-size-default\">Supporter<\/h2>\t\t\t\t<\/div>\n\t\t\t\t<\/div>\n\t\t\t\t<div class=\"elementor-element elementor-element-ad48cc1 elementor-arrows-position-inside elementor-widget elementor-widget-image-carousel\" data-id=\"ad48cc1\" data-element_type=\"widget\" data-e-type=\"widget\" data-settings=\"{&quot;slides_to_show&quot;:&quot;1&quot;,&quot;navigation&quot;:&quot;arrows&quot;,&quot;autoplay&quot;:&quot;yes&quot;,&quot;pause_on_hover&quot;:&quot;yes&quot;,&quot;pause_on_interaction&quot;:&quot;yes&quot;,&quot;autoplay_speed&quot;:5000,&quot;infinite&quot;:&quot;yes&quot;,&quot;effect&quot;:&quot;slide&quot;,&quot;speed&quot;:500}\" data-widget_type=\"image-carousel.default\">\n\t\t\t\t<div class=\"elementor-widget-container\">\n\t\t\t\t\t\t\t<div class=\"elementor-image-carousel-wrapper swiper\" role=\"region\" aria-roledescription=\"carousel\" aria-label=\"Bild Karussell\" dir=\"ltr\">\n\t\t\t<div class=\"elementor-image-carousel swiper-wrapper\" aria-live=\"off\">\n\t\t\t\t\t\t\t\t<div class=\"swiper-slide\" role=\"group\" aria-roledescription=\"slide\" aria-label=\"1 von 2\"><figure class=\"swiper-slide-inner\"><img decoding=\"async\" class=\"swiper-slide-image\" src=\"https:\/\/weizmann.at\/wp-content\/uploads\/2023\/12\/Pitkowitz_Partners.png\" alt=\"Pitkowitz &amp; Partners\" \/><figcaption class=\"elementor-image-carousel-caption\">Pitkowitz &amp; Partners<\/figcaption><\/figure><\/div><div class=\"swiper-slide\" role=\"group\" aria-roledescription=\"slide\" aria-label=\"2 von 2\"><figure class=\"swiper-slide-inner\"><img decoding=\"async\" class=\"swiper-slide-image\" src=\"https:\/\/weizmann.at\/wp-content\/uploads\/2023\/12\/industriellenvereinigung.png\" alt=\"Indrustriellenvereinigung Wien\" \/><figcaption class=\"elementor-image-carousel-caption\">Indrustriellenvereinigung Wien<\/figcaption><\/figure><\/div>\t\t\t<\/div>\n\t\t\t\t\t\t\t\t\t\t\t\t<div class=\"elementor-swiper-button elementor-swiper-button-prev\" role=\"button\" tabindex=\"0\">\n\t\t\t\t\t\t<svg aria-hidden=\"true\" class=\"e-font-icon-svg e-far-arrow-alt-circle-left\" viewbox=\"0 0 512 512\" xmlns=\"http:\/\/www.w3.org\/2000\/svg\"><path d=\"M8 256c0 137 111 248 248 248s248-111 248-248S393 8 256 8 8 119 8 256zm448 0c0 110.5-89.5 200-200 200S56 366.5 56 256 145.5 56 256 56s200 89.5 200 200zm-72-20v40c0 6.6-5.4 12-12 12H256v67c0 10.7-12.9 16-20.5 8.5l-99-99c-4.7-4.7-4.7-12.3 0-17l99-99c7.6-7.6 20.5-2.2 20.5 8.5v67h116c6.6 0 12 5.4 12 12z\"><\/path><\/svg>\t\t\t\t\t<\/div>\n\t\t\t\t\t<div class=\"elementor-swiper-button elementor-swiper-button-next\" role=\"button\" tabindex=\"0\">\n\t\t\t\t\t\t<svg aria-hidden=\"true\" class=\"e-font-icon-svg e-far-arrow-alt-circle-right\" viewbox=\"0 0 512 512\" xmlns=\"http:\/\/www.w3.org\/2000\/svg\"><path d=\"M504 256C504 119 393 8 256 8S8 119 8 256s111 248 248 248 248-111 248-248zm-448 0c0-110.5 89.5-200 200-200s200 89.5 200 200-89.5 200-200 200S56 366.5 56 256zm72 20v-40c0-6.6 5.4-12 12-12h116v-67c0-10.7 12.9-16 20.5-8.5l99 99c4.7 4.7 4.7 12.3 0 17l-99 99c-7.6 7.6-20.5 2.2-20.5-8.5v-67H140c-6.6 0-12-5.4-12-12z\"><\/path><\/svg>\t\t\t\t\t<\/div>\n\t\t\t\t\n\t\t\t\t\t\t\t\t\t<\/div>\n\t\t\t\t\t\t<\/div>\n\t\t\t\t<\/div>\n\t\t\t\t\t<\/div>\n\t\t\t\t<\/div>\n\t\t\t\t<\/div>","protected":false},"excerpt":{"rendered":"<p>Liebe Freunde, Es ist mir eine gro\u00dfe Freude, Sie im Namen der \u00f6sterreichischen Gesellschaft der Freunde des Weizmann Institute of Science herzlich willkommen zu hei\u00dfen. Als Vorsitzender sehe ich es als Privileg, von Menschen umgeben zu sein, die eine gemeinsame &hellip; <\/p>","protected":false},"author":1,"featured_media":0,"parent":0,"menu_order":0,"comment_status":"closed","ping_status":"closed","template":"","meta":{"footnotes":""},"class_list":["post-11","page","type-page","status-publish","hentry"],"_links":{"self":[{"href":"https:\/\/weizmann.at\/en\/wp-json\/wp\/v2\/pages\/11","targetHints":{"allow":["GET"]}}],"collection":[{"href":"https:\/\/weizmann.at\/en\/wp-json\/wp\/v2\/pages"}],"about":[{"href":"https:\/\/weizmann.at\/en\/wp-json\/wp\/v2\/types\/page"}],"author":[{"embeddable":true,"href":"https:\/\/weizmann.at\/en\/wp-json\/wp\/v2\/users\/1"}],"replies":[{"embeddable":true,"href":"https:\/\/weizmann.at\/en\/wp-json\/wp\/v2\/comments?post=11"}],"version-history":[{"count":39,"href":"https:\/\/weizmann.at\/en\/wp-json\/wp\/v2\/pages\/11\/revisions"}],"predecessor-version":[{"id":443,"href":"https:\/\/weizmann.at\/en\/wp-json\/wp\/v2\/pages\/11\/revisions\/443"}],"wp:attachment":[{"href":"https:\/\/weizmann.at\/en\/wp-json\/wp\/v2\/media?parent=11"}],"curies":[{"name":"wp","href":"https:\/\/api.w.org\/{rel}","templated":true}]}}